{"id":2000,"date":"2020-12-08T03:53:12","date_gmt":"2020-12-08T03:53:12","guid":{"rendered":"https:\/\/salpicosdeglamour.pt\/imobiliaria\/sobre-nos\/"},"modified":"2023-02-08T17:50:59","modified_gmt":"2023-02-08T17:50:59","slug":"a-propos-de-nous","status":"publish","type":"page","link":"https:\/\/salpicosdeglamour.pt\/imobiliaria\/fr\/a-propos-de-nous\/","title":{"rendered":"\u00c0 propos de nous"},"content":{"rendered":"\t\t<div data-elementor-type=\"wp-page\" data-elementor-id=\"2000\" class=\"elementor elementor-2000 elementor-21\" data-elementor-settings=\"[]\">\n\t\t\t\t\t\t\t<div class=\"elementor-section-wrap\">\n\t\t\t\t\t\t\t<section class=\"elementor-section elementor-top-section elementor-element elementor-element-3b40598 elementor-section-content-middle elementor-reverse-mobile elementor-section-boxed elementor-section-height-default elementor-section-height-default row-top elementor-invisible\" data-id=\"3b40598\" data-element_type=\"section\" data-settings=\"{&quot;animation&quot;:&quot;fadeIn&quot;}\">\n\t\t\t\t\t\t<div class=\"elementor-container elementor-column-gap-default\">\n\t\t\t\t\t<div class=\"elementor-column elementor-col-50 elementor-top-column elementor-element elementor-element-2bd6292 column-style-top\" data-id=\"2bd6292\" data-element_type=\"column\">\n\t\t\t<div class=\"elementor-widget-wrap elementor-element-populated\">\n\t\t\t\t\t\t\t\t<div class=\"elementor-element elementor-element-f83d2f4 elementor-widget elementor-widget-image\" data-id=\"f83d2f4\" data-element_type=\"widget\" data-widget_type=\"image.default\">\n\t\t\t\t<div class=\"elementor-widget-container\">\n\t\t\t\t\t\t\t\t\t\t\t\t\t\t\t<img loading=\"lazy\" decoding=\"async\" width=\"590\" height=\"680\" src=\"https:\/\/salpicosdeglamour.pt\/imobiliaria\/wp-content\/uploads\/2021\/12\/sobre-nos3.png\" class=\"attachment-full size-full\" alt=\"\" \/>\t\t\t\t\t\t\t\t\t\t\t\t\t\t\t<\/div>\n\t\t\t\t<\/div>\n\t\t\t\t\t<\/div>\n\t\t<\/div>\n\t\t\t\t<div class=\"elementor-column elementor-col-50 elementor-top-column elementor-element elementor-element-75333cc column-style-top\" data-id=\"75333cc\" data-element_type=\"column\">\n\t\t\t<div class=\"elementor-widget-wrap elementor-element-populated\">\n\t\t\t\t\t\t\t\t<div class=\"elementor-element elementor-element-4cd85a1 mobile_align_center elementor-widget elementor-widget-gva-heading-block\" data-id=\"4cd85a1\" data-element_type=\"widget\" data-widget_type=\"gva-heading-block.default\">\n\t\t\t\t<div class=\"elementor-widget-container\">\n\t\t\t<div class=\"gva-element-gva-heading-block gva-element\">   <div class=\"align-left style-1 widget gsc-heading box-align-left  auto-responsive\">\r\n      <div class=\"content-inner\">\r\n         \r\n                  \r\n                     <div class=\"sub-title\"><span>Salpicos D&#039;Glamour<\/span><\/div>\r\n           \r\n         \r\n                     <h2 class=\"title\">\r\n               <span>Nous r\u00e9alisons <br>vos r\u00eaves<\/span>\r\n                                                         <\/h2>\r\n                  \r\n         \r\n      <\/div>\r\n   <\/div>\r\n<\/div>\t\t<\/div>\n\t\t\t\t<\/div>\n\t\t\t\t<div class=\"elementor-element elementor-element-bc07ae1 elementor-widget elementor-widget-text-editor\" data-id=\"bc07ae1\" data-element_type=\"widget\" data-widget_type=\"text-editor.default\">\n\t\t\t\t<div class=\"elementor-widget-container\">\n\t\t\t\t\t\t\t<p style=\"margin-top: 0;\">Salpicos D&rsquo;Glamour \u2013 Unipessoal a cr\u00e9\u00e9 en 2021 l&rsquo;agence immobili\u00e8re au service de nos clients.<\/p><p style=\"margin-top: 0;\">Notre objectif principal est de fournir tout le soutien n\u00e9cessaire \u00e0 nos clients dans le processus d&rsquo;achat et de vente de biens immobiliers au Portugal et en France de mani\u00e8re claire et efficace. Nous avons l&rsquo;avantage de budg\u00e9tiser, cr\u00e9er et r\u00e9aliser des projets de r\u00e9novation adapt\u00e9s \u00e0 chaque client et \u00e0 chaque propri\u00e9t\u00e9, car nous avons 10 ans d&rsquo;exp\u00e9rience sur le march\u00e9 national et international du meuble.<\/p>\t\t\t\t\t\t<\/div>\n\t\t\t\t<\/div>\n\t\t\t\t<div class=\"elementor-element elementor-element-127d726 property_form_cta_button mobile_align_center elementor-widget elementor-widget-gva-heading-block\" data-id=\"127d726\" data-element_type=\"widget\" data-widget_type=\"gva-heading-block.default\">\n\t\t\t\t<div class=\"elementor-widget-container\">\n\t\t\t<div class=\"gva-element-gva-heading-block gva-element\">   <div class=\"align-left style-1 widget gsc-heading box-align-left  auto-responsive\">\r\n      <div class=\"content-inner\">\r\n         \r\n                  \r\n           \r\n         \r\n                  \r\n                     <div class=\"heading-action\">\r\n                       <a href=\"#\" class=\"btn-cta btn-theme \">\r\n          <span>Parle-nous<\/span>\r\n        <\/a>\r\n\r\n                                   <\/div>\r\n         \r\n      <\/div>\r\n   <\/div>\r\n<\/div>\t\t<\/div>\n\t\t\t\t<\/div>\n\t\t\t\t\t<\/div>\n\t\t<\/div>\n\t\t\t\t\t\t\t<\/div>\n\t\t<\/section>\n\t\t\t\t<section class=\"elementor-section elementor-top-section elementor-element elementor-element-236c537 elementor-section-boxed elementor-section-height-default elementor-section-height-default row-top elementor-invisible\" data-id=\"236c537\" data-element_type=\"section\" data-settings=\"{&quot;background_background&quot;:&quot;classic&quot;,&quot;animation&quot;:&quot;fadeIn&quot;}\">\n\t\t\t\t\t\t\t<div class=\"elementor-background-overlay\"><\/div>\n\t\t\t\t\t\t\t<div class=\"elementor-container elementor-column-gap-default\">\n\t\t\t\t\t<div class=\"elementor-column elementor-col-100 elementor-top-column elementor-element elementor-element-b46e16f column-style-top\" data-id=\"b46e16f\" data-element_type=\"column\">\n\t\t\t<div class=\"elementor-widget-wrap elementor-element-populated\">\n\t\t\t\t\t\t\t\t<div class=\"elementor-element elementor-element-9c7d741 elementor-widget elementor-widget-gva-heading-block\" data-id=\"9c7d741\" data-element_type=\"widget\" data-widget_type=\"gva-heading-block.default\">\n\t\t\t\t<div class=\"elementor-widget-container\">\n\t\t\t<div class=\"gva-element-gva-heading-block gva-element\">   <div class=\"align-center style-3 widget gsc-heading box-align-left  auto-responsive\">\r\n      <div class=\"content-inner\">\r\n         \r\n                  \r\n           \r\n         \r\n                     <h2 class=\"title\">\r\n               <span>Nous sommes l\u00e0 pour rendre votre processus d'achat d'une maison plus simple et plus s\u00fbr.<\/span>\r\n                                                         <\/h2>\r\n                  \r\n                     <div class=\"heading-action\">\r\n                       <a href=\"\/imobiliaria\/fr\/proprietes\/\" class=\"btn-cta btn-theme \">\r\n          <span>Recherche Propri\u00e9t\u00e9<\/span>\r\n        <\/a>\r\n\r\n                                   <\/div>\r\n         \r\n      <\/div>\r\n   <\/div>\r\n<\/div>\t\t<\/div>\n\t\t\t\t<\/div>\n\t\t\t\t\t<\/div>\n\t\t<\/div>\n\t\t\t\t\t\t\t<\/div>\n\t\t<\/section>\n\t\t\t\t<section class=\"elementor-section elementor-top-section elementor-element elementor-element-c3d1e27 elementor-section-boxed elementor-section-height-default elementor-section-height-default row-top elementor-invisible\" data-id=\"c3d1e27\" data-element_type=\"section\" data-settings=\"{&quot;animation&quot;:&quot;fadeIn&quot;}\">\n\t\t\t\t\t\t<div class=\"elementor-container elementor-column-gap-default\">\n\t\t\t\t\t<div class=\"elementor-column elementor-col-100 elementor-top-column elementor-element elementor-element-1957653 column-style-top\" data-id=\"1957653\" data-element_type=\"column\">\n\t\t\t<div class=\"elementor-widget-wrap elementor-element-populated\">\n\t\t\t\t\t\t\t\t<section class=\"elementor-section elementor-inner-section elementor-element elementor-element-2d22dc3 elementor-section-boxed elementor-section-height-default elementor-section-height-default row-top\" data-id=\"2d22dc3\" data-element_type=\"section\">\n\t\t\t\t\t\t<div class=\"elementor-container elementor-column-gap-default\">\n\t\t\t\t\t<div class=\"elementor-column elementor-col-100 elementor-inner-column elementor-element elementor-element-98e7069 column-style-top\" data-id=\"98e7069\" data-element_type=\"column\">\n\t\t\t<div class=\"elementor-widget-wrap elementor-element-populated\">\n\t\t\t\t\t\t\t\t<div class=\"elementor-element elementor-element-12c03b4 elementor-widget elementor-widget-gva-heading-block\" data-id=\"12c03b4\" data-element_type=\"widget\" data-widget_type=\"gva-heading-block.default\">\n\t\t\t\t<div class=\"elementor-widget-container\">\n\t\t\t<div class=\"gva-element-gva-heading-block gva-element\">   <div class=\"align-center style-1 widget gsc-heading box-align-center  auto-responsive\">\r\n      <div class=\"content-inner\">\r\n         \r\n                  \r\n                     <div class=\"sub-title\"><span>Salpicos D&#039;Glamour<\/span><\/div>\r\n           \r\n         \r\n                     <h2 class=\"title\">\r\n               <span>Pourquoi nous choisir?<\/span>\r\n                                                         <\/h2>\r\n                  \r\n         \r\n      <\/div>\r\n   <\/div>\r\n<\/div>\t\t<\/div>\n\t\t\t\t<\/div>\n\t\t\t\t\t<\/div>\n\t\t<\/div>\n\t\t\t\t\t\t\t<\/div>\n\t\t<\/section>\n\t\t\t\t<section class=\"elementor-section elementor-inner-section elementor-element elementor-element-97c4947 elementor-section-boxed elementor-section-height-default elementor-section-height-default row-top\" data-id=\"97c4947\" data-element_type=\"section\">\n\t\t\t\t\t\t<div class=\"elementor-container elementor-column-gap-default\">\n\t\t\t\t\t<div class=\"elementor-column elementor-col-25 elementor-inner-column elementor-element elementor-element-f15175a column-style-top\" data-id=\"f15175a\" data-element_type=\"column\">\n\t\t\t<div class=\"elementor-widget-wrap elementor-element-populated\">\n\t\t\t\t\t\t\t\t<div class=\"elementor-element elementor-element-51a5026 about_icon_box_element elementor-widget elementor-widget-gva-icon-box-styles\" data-id=\"51a5026\" data-element_type=\"widget\" data-widget_type=\"gva-icon-box-styles.default\">\n\t\t\t\t<div class=\"elementor-widget-container\">\n\t\t\t<div class=\"gva-element-gva-icon-box-styles gva-element\">\r\n         <div class=\"widget gsc-icon-box-styles style-1 \">\r\n         <div class=\"icon-box-content\">\r\n                                 <div class=\"icon-inner\">\r\n                                             <span class=\"box-icon\">\r\n                           <span class=\"box-icon-inner\">\r\n                              <i aria-hidden=\"true\" class=\"fi flaticon-town\"><\/i>                           <\/span>\r\n                        <\/span>\r\n                                       <\/div>\r\n                           <div class=\"box-content\">\r\n                                 <h3 class=\"title\">\r\n                     Professionnalisme                  <\/h3>\r\n                                          <\/div>\r\n         <\/div> \r\n               <\/div>   \r\n   \r\n\r\n      \r\n\r\n\r\n<\/div>\t\t<\/div>\n\t\t\t\t<\/div>\n\t\t\t\t\t<\/div>\n\t\t<\/div>\n\t\t\t\t<div class=\"elementor-column elementor-col-25 elementor-inner-column elementor-element elementor-element-f3a154a column-style-top\" data-id=\"f3a154a\" data-element_type=\"column\">\n\t\t\t<div class=\"elementor-widget-wrap elementor-element-populated\">\n\t\t\t\t\t\t\t\t<div class=\"elementor-element elementor-element-33b5b32 about_icon_box_element elementor-widget elementor-widget-gva-icon-box-styles\" data-id=\"33b5b32\" data-element_type=\"widget\" data-widget_type=\"gva-icon-box-styles.default\">\n\t\t\t\t<div class=\"elementor-widget-container\">\n\t\t\t<div class=\"gva-element-gva-icon-box-styles gva-element\">\r\n         <div class=\"widget gsc-icon-box-styles style-1 \">\r\n         <div class=\"icon-box-content\">\r\n                                 <div class=\"icon-inner\">\r\n                                             <span class=\"box-icon\">\r\n                           <span class=\"box-icon-inner\">\r\n                              <i aria-hidden=\"true\" class=\"fi flaticon-agent\"><\/i>                           <\/span>\r\n                        <\/span>\r\n                                       <\/div>\r\n                           <div class=\"box-content\">\r\n                                 <h3 class=\"title\">\r\n                     Exp\u00e9rience                  <\/h3>\r\n                                          <\/div>\r\n         <\/div> \r\n               <\/div>   \r\n   \r\n\r\n      \r\n\r\n\r\n<\/div>\t\t<\/div>\n\t\t\t\t<\/div>\n\t\t\t\t\t<\/div>\n\t\t<\/div>\n\t\t\t\t<div class=\"elementor-column elementor-col-25 elementor-inner-column elementor-element elementor-element-b56ad6e column-style-top\" data-id=\"b56ad6e\" data-element_type=\"column\">\n\t\t\t<div class=\"elementor-widget-wrap elementor-element-populated\">\n\t\t\t\t\t\t\t\t<div class=\"elementor-element elementor-element-1970bb3 about_icon_box_element elementor-widget elementor-widget-gva-icon-box-styles\" data-id=\"1970bb3\" data-element_type=\"widget\" data-widget_type=\"gva-icon-box-styles.default\">\n\t\t\t\t<div class=\"elementor-widget-container\">\n\t\t\t<div class=\"gva-element-gva-icon-box-styles gva-element\">\r\n         <div class=\"widget gsc-icon-box-styles style-1 \">\r\n         <div class=\"icon-box-content\">\r\n                                 <div class=\"icon-inner\">\r\n                                             <span class=\"box-icon\">\r\n                           <span class=\"box-icon-inner\">\r\n                              <i aria-hidden=\"true\" class=\"fi flaticon-assets\"><\/i>                           <\/span>\r\n                        <\/span>\r\n                                       <\/div>\r\n                           <div class=\"box-content\">\r\n                                 <h3 class=\"title\">\r\n                     Disponibilit\u00e9                  <\/h3>\r\n                                          <\/div>\r\n         <\/div> \r\n               <\/div>   \r\n   \r\n\r\n      \r\n\r\n\r\n<\/div>\t\t<\/div>\n\t\t\t\t<\/div>\n\t\t\t\t\t<\/div>\n\t\t<\/div>\n\t\t\t\t<div class=\"elementor-column elementor-col-25 elementor-inner-column elementor-element elementor-element-421c97d column-style-top\" data-id=\"421c97d\" data-element_type=\"column\">\n\t\t\t<div class=\"elementor-widget-wrap elementor-element-populated\">\n\t\t\t\t\t\t\t\t<div class=\"elementor-element elementor-element-e589b37 about_icon_box_element elementor-widget elementor-widget-gva-icon-box-styles\" data-id=\"e589b37\" data-element_type=\"widget\" data-widget_type=\"gva-icon-box-styles.default\">\n\t\t\t\t<div class=\"elementor-widget-container\">\n\t\t\t<div class=\"gva-element-gva-icon-box-styles gva-element\">\r\n         <div class=\"widget gsc-icon-box-styles style-1 \">\r\n         <div class=\"icon-box-content\">\r\n                                 <div class=\"icon-inner\">\r\n                                             <span class=\"box-icon\">\r\n                           <span class=\"box-icon-inner\">\r\n                              <i aria-hidden=\"true\" class=\"fi flaticon-rent\"><\/i>                           <\/span>\r\n                        <\/span>\r\n                                       <\/div>\r\n                           <div class=\"box-content\">\r\n                                 <h3 class=\"title\">\r\n                     Diversit\u00e9                  <\/h3>\r\n                                          <\/div>\r\n         <\/div> \r\n               <\/div>   \r\n   \r\n\r\n      \r\n\r\n\r\n<\/div>\t\t<\/div>\n\t\t\t\t<\/div>\n\t\t\t\t\t<\/div>\n\t\t<\/div>\n\t\t\t\t\t\t\t<\/div>\n\t\t<\/section>\n\t\t\t\t\t<\/div>\n\t\t<\/div>\n\t\t\t\t\t\t\t<\/div>\n\t\t<\/section>\n\t\t\t\t\t\t<\/div>\n\t\t\t\t\t<\/div>\n\t\t","protected":false},"excerpt":{"rendered":"<p>Salpicos D&rsquo;Glamour Nous r\u00e9alisons vos r\u00eaves Salpicos D&rsquo;Glamour \u2013 Unipessoal a cr\u00e9\u00e9 en 2021 l&rsquo;agence immobili\u00e8re au service de nos clients. Notre objectif principal est de fournir tout le soutien n\u00e9cessaire \u00e0 nos clients dans le processus d&rsquo;achat et de vente de biens immobiliers au Portugal et en France de mani\u00e8re claire et efficace. Nous [&hellip;]<\/p>\n","protected":false},"author":1,"featured_media":0,"parent":0,"menu_order":0,"comment_status":"closed","ping_status":"closed","template":"","meta":{"inline_featured_image":false,"footnotes":"","_links_to":"","_links_to_target":""},"yoast_head":"<!-- This site is optimized with the Yoast SEO plugin v19.11 - https:\/\/yoast.com\/wordpress\/plugins\/seo\/ -->\n<title>\u00c0 propos de nous - Salpicos D`Glamour - Imobili\u00e1ria<\/title>\n<meta name=\"description\" content=\"L&#039;objectif principal de Salpicos D&#039;Glamour est de fournir tout le soutien n\u00e9cessaire \u00e0 nos clients dans le processus d&#039;achat et de vente de biens immobiliers.\" \/>\n<meta name=\"robots\" content=\"index, follow, max-snippet:-1, max-image-preview:large, max-video-preview:-1\" \/>\n<link rel=\"canonical\" href=\"https:\/\/salpicosdeglamour.pt\/imobiliaria\/fr\/a-propos-de-nous\/\" \/>\n<meta property=\"og:locale\" content=\"fr_FR\" \/>\n<meta property=\"og:type\" content=\"article\" \/>\n<meta property=\"og:title\" content=\"\u00c0 propos de nous - Salpicos D`Glamour - Imobili\u00e1ria\" \/>\n<meta property=\"og:description\" content=\"L&#039;objectif principal de Salpicos D&#039;Glamour est de fournir tout le soutien n\u00e9cessaire \u00e0 nos clients dans le processus d&#039;achat et de vente de biens immobiliers.\" \/>\n<meta property=\"og:url\" content=\"https:\/\/salpicosdeglamour.pt\/imobiliaria\/fr\/a-propos-de-nous\/\" \/>\n<meta property=\"og:site_name\" content=\"Salpicos D`Glamour - Imobili\u00e1ria\" \/>\n<meta property=\"article:modified_time\" content=\"2023-02-08T17:50:59+00:00\" \/>\n<meta property=\"og:image\" content=\"https:\/\/salpicosdeglamour.pt\/imobiliaria\/wp-content\/uploads\/2021\/12\/sobre-nos3.png\" \/>\n<meta name=\"twitter:card\" content=\"summary_large_image\" \/>\n<meta name=\"twitter:label1\" content=\"Dur\u00e9e de lecture estim\u00e9e\" \/>\n\t<meta name=\"twitter:data1\" content=\"1 minute\" \/>\n<script type=\"application\/ld+json\" class=\"yoast-schema-graph\">{\"@context\":\"https:\/\/schema.org\",\"@graph\":[{\"@type\":\"WebPage\",\"@id\":\"https:\/\/salpicosdeglamour.pt\/imobiliaria\/fr\/a-propos-de-nous\/\",\"url\":\"https:\/\/salpicosdeglamour.pt\/imobiliaria\/fr\/a-propos-de-nous\/\",\"name\":\"\u00c0 propos de nous - Salpicos D`Glamour - Imobili\u00e1ria\",\"isPartOf\":{\"@id\":\"https:\/\/salpicosdeglamour.pt\/imobiliaria\/fr\/#website\"},\"datePublished\":\"2020-12-08T03:53:12+00:00\",\"dateModified\":\"2023-02-08T17:50:59+00:00\",\"description\":\"L'objectif principal de Salpicos D'Glamour est de fournir tout le soutien n\u00e9cessaire \u00e0 nos clients dans le processus d'achat et de vente de biens immobiliers.\",\"breadcrumb\":{\"@id\":\"https:\/\/salpicosdeglamour.pt\/imobiliaria\/fr\/a-propos-de-nous\/#breadcrumb\"},\"inLanguage\":\"fr-FR\",\"potentialAction\":[{\"@type\":\"ReadAction\",\"target\":[\"https:\/\/salpicosdeglamour.pt\/imobiliaria\/fr\/a-propos-de-nous\/\"]}]},{\"@type\":\"BreadcrumbList\",\"@id\":\"https:\/\/salpicosdeglamour.pt\/imobiliaria\/fr\/a-propos-de-nous\/#breadcrumb\",\"itemListElement\":[{\"@type\":\"ListItem\",\"position\":1,\"name\":\"In\u00edcio\",\"item\":\"https:\/\/salpicosdeglamour.pt\/imobiliaria\/fr\/\"},{\"@type\":\"ListItem\",\"position\":2,\"name\":\"\u00c0 propos de nous\"}]},{\"@type\":\"WebSite\",\"@id\":\"https:\/\/salpicosdeglamour.pt\/imobiliaria\/fr\/#website\",\"url\":\"https:\/\/salpicosdeglamour.pt\/imobiliaria\/fr\/\",\"name\":\"Salpicos D`Glamour - Imobili\u00e1ria\",\"description\":\"\",\"publisher\":{\"@id\":\"https:\/\/salpicosdeglamour.pt\/imobiliaria\/fr\/#organization\"},\"potentialAction\":[{\"@type\":\"SearchAction\",\"target\":{\"@type\":\"EntryPoint\",\"urlTemplate\":\"https:\/\/salpicosdeglamour.pt\/imobiliaria\/fr\/?s={search_term_string}\"},\"query-input\":\"required name=search_term_string\"}],\"inLanguage\":\"fr-FR\"},{\"@type\":\"Organization\",\"@id\":\"https:\/\/salpicosdeglamour.pt\/imobiliaria\/fr\/#organization\",\"name\":\"Salpicos D`Glamour - Imobili\u00e1ria\",\"url\":\"https:\/\/salpicosdeglamour.pt\/imobiliaria\/fr\/\",\"logo\":{\"@type\":\"ImageObject\",\"inLanguage\":\"fr-FR\",\"@id\":\"https:\/\/salpicosdeglamour.pt\/imobiliaria\/fr\/#\/schema\/logo\/image\/\",\"url\":\"https:\/\/salpicosdeglamour.pt\/imobiliaria\/wp-content\/uploads\/2023\/01\/email_logo_alt.png\",\"contentUrl\":\"https:\/\/salpicosdeglamour.pt\/imobiliaria\/wp-content\/uploads\/2023\/01\/email_logo_alt.png\",\"width\":275,\"height\":99,\"caption\":\"Salpicos D`Glamour - Imobili\u00e1ria\"},\"image\":{\"@id\":\"https:\/\/salpicosdeglamour.pt\/imobiliaria\/fr\/#\/schema\/logo\/image\/\"}}]}<\/script>\n<!-- \/ Yoast SEO plugin. -->","yoast_head_json":{"title":"\u00c0 propos de nous - Salpicos D`Glamour - Imobili\u00e1ria","description":"L'objectif principal de Salpicos D'Glamour est de fournir tout le soutien n\u00e9cessaire \u00e0 nos clients dans le processus d'achat et de vente de biens immobiliers.","robots":{"index":"index","follow":"follow","max-snippet":"max-snippet:-1","max-image-preview":"max-image-preview:large","max-video-preview":"max-video-preview:-1"},"canonical":"https:\/\/salpicosdeglamour.pt\/imobiliaria\/fr\/a-propos-de-nous\/","og_locale":"fr_FR","og_type":"article","og_title":"\u00c0 propos de nous - Salpicos D`Glamour - Imobili\u00e1ria","og_description":"L'objectif principal de Salpicos D'Glamour est de fournir tout le soutien n\u00e9cessaire \u00e0 nos clients dans le processus d'achat et de vente de biens immobiliers.","og_url":"https:\/\/salpicosdeglamour.pt\/imobiliaria\/fr\/a-propos-de-nous\/","og_site_name":"Salpicos D`Glamour - Imobili\u00e1ria","article_modified_time":"2023-02-08T17:50:59+00:00","og_image":[{"url":"https:\/\/salpicosdeglamour.pt\/imobiliaria\/wp-content\/uploads\/2021\/12\/sobre-nos3.png"}],"twitter_card":"summary_large_image","twitter_misc":{"Dur\u00e9e de lecture estim\u00e9e":"1 minute"},"schema":{"@context":"https:\/\/schema.org","@graph":[{"@type":"WebPage","@id":"https:\/\/salpicosdeglamour.pt\/imobiliaria\/fr\/a-propos-de-nous\/","url":"https:\/\/salpicosdeglamour.pt\/imobiliaria\/fr\/a-propos-de-nous\/","name":"\u00c0 propos de nous - Salpicos D`Glamour - Imobili\u00e1ria","isPartOf":{"@id":"https:\/\/salpicosdeglamour.pt\/imobiliaria\/fr\/#website"},"datePublished":"2020-12-08T03:53:12+00:00","dateModified":"2023-02-08T17:50:59+00:00","description":"L'objectif principal de Salpicos D'Glamour est de fournir tout le soutien n\u00e9cessaire \u00e0 nos clients dans le processus d'achat et de vente de biens immobiliers.","breadcrumb":{"@id":"https:\/\/salpicosdeglamour.pt\/imobiliaria\/fr\/a-propos-de-nous\/#breadcrumb"},"inLanguage":"fr-FR","potentialAction":[{"@type":"ReadAction","target":["https:\/\/salpicosdeglamour.pt\/imobiliaria\/fr\/a-propos-de-nous\/"]}]},{"@type":"BreadcrumbList","@id":"https:\/\/salpicosdeglamour.pt\/imobiliaria\/fr\/a-propos-de-nous\/#breadcrumb","itemListElement":[{"@type":"ListItem","position":1,"name":"In\u00edcio","item":"https:\/\/salpicosdeglamour.pt\/imobiliaria\/fr\/"},{"@type":"ListItem","position":2,"name":"\u00c0 propos de nous"}]},{"@type":"WebSite","@id":"https:\/\/salpicosdeglamour.pt\/imobiliaria\/fr\/#website","url":"https:\/\/salpicosdeglamour.pt\/imobiliaria\/fr\/","name":"Salpicos D`Glamour - Imobili\u00e1ria","description":"","publisher":{"@id":"https:\/\/salpicosdeglamour.pt\/imobiliaria\/fr\/#organization"},"potentialAction":[{"@type":"SearchAction","target":{"@type":"EntryPoint","urlTemplate":"https:\/\/salpicosdeglamour.pt\/imobiliaria\/fr\/?s={search_term_string}"},"query-input":"required name=search_term_string"}],"inLanguage":"fr-FR"},{"@type":"Organization","@id":"https:\/\/salpicosdeglamour.pt\/imobiliaria\/fr\/#organization","name":"Salpicos D`Glamour - Imobili\u00e1ria","url":"https:\/\/salpicosdeglamour.pt\/imobiliaria\/fr\/","logo":{"@type":"ImageObject","inLanguage":"fr-FR","@id":"https:\/\/salpicosdeglamour.pt\/imobiliaria\/fr\/#\/schema\/logo\/image\/","url":"https:\/\/salpicosdeglamour.pt\/imobiliaria\/wp-content\/uploads\/2023\/01\/email_logo_alt.png","contentUrl":"https:\/\/salpicosdeglamour.pt\/imobiliaria\/wp-content\/uploads\/2023\/01\/email_logo_alt.png","width":275,"height":99,"caption":"Salpicos D`Glamour - Imobili\u00e1ria"},"image":{"@id":"https:\/\/salpicosdeglamour.pt\/imobiliaria\/fr\/#\/schema\/logo\/image\/"}}]}},"_links":{"self":[{"href":"https:\/\/salpicosdeglamour.pt\/imobiliaria\/fr\/wp-json\/wp\/v2\/pages\/2000"}],"collection":[{"href":"https:\/\/salpicosdeglamour.pt\/imobiliaria\/fr\/wp-json\/wp\/v2\/pages"}],"about":[{"href":"https:\/\/salpicosdeglamour.pt\/imobiliaria\/fr\/wp-json\/wp\/v2\/types\/page"}],"author":[{"embeddable":true,"href":"https:\/\/salpicosdeglamour.pt\/imobiliaria\/fr\/wp-json\/wp\/v2\/users\/1"}],"replies":[{"embeddable":true,"href":"https:\/\/salpicosdeglamour.pt\/imobiliaria\/fr\/wp-json\/wp\/v2\/comments?post=2000"}],"version-history":[{"count":0,"href":"https:\/\/salpicosdeglamour.pt\/imobiliaria\/fr\/wp-json\/wp\/v2\/pages\/2000\/revisions"}],"wp:attachment":[{"href":"https:\/\/salpicosdeglamour.pt\/imobiliaria\/fr\/wp-json\/wp\/v2\/media?parent=2000"}],"curies":[{"name":"wp","href":"https:\/\/api.w.org\/{rel}","templated":true}]}}