{"id":2046,"date":"2021-11-29T12:08:03","date_gmt":"2021-11-29T12:08:03","guid":{"rendered":"https:\/\/salpicosdeglamour.pt\/imobiliaria\/imoveis\/"},"modified":"2023-02-08T17:52:21","modified_gmt":"2023-02-08T17:52:21","slug":"proprietes","status":"publish","type":"page","link":"https:\/\/salpicosdeglamour.pt\/imobiliaria\/fr\/proprietes\/","title":{"rendered":"Propri\u00e9t\u00e9s"},"content":{"rendered":"","protected":false},"excerpt":{"rendered":"","protected":false},"author":1,"featured_media":0,"parent":0,"menu_order":0,"comment_status":"closed","ping_status":"closed","template":"","meta":{"inline_featured_image":false,"footnotes":"","_links_to":"","_links_to_target":""},"yoast_head":"<!-- This site is optimized with the Yoast SEO plugin v19.11 - https:\/\/yoast.com\/wordpress\/plugins\/seo\/ -->\n<title>Propri\u00e9t\u00e9s - Salpicos D`Glamour - Imobili\u00e1ria<\/title>\n<meta name=\"description\" content=\"L&#039;objectif principal de Salpicos D&#039;Glamour est de fournir tout le soutien n\u00e9cessaire \u00e0 nos clients dans le processus d&#039;achat et de vente de biens immobiliers.\" \/>\n<meta name=\"robots\" content=\"index, follow, max-snippet:-1, max-image-preview:large, max-video-preview:-1\" \/>\n<link rel=\"canonical\" href=\"https:\/\/salpicosdeglamour.pt\/imobiliaria\/fr\/proprietes\/\" \/>\n<meta property=\"og:locale\" content=\"fr_FR\" \/>\n<meta property=\"og:type\" content=\"article\" \/>\n<meta property=\"og:title\" content=\"Propri\u00e9t\u00e9s - Salpicos D`Glamour - Imobili\u00e1ria\" \/>\n<meta property=\"og:description\" content=\"L&#039;objectif principal de Salpicos D&#039;Glamour est de fournir tout le soutien n\u00e9cessaire \u00e0 nos clients dans le processus d&#039;achat et de vente de biens immobiliers.\" \/>\n<meta property=\"og:url\" content=\"https:\/\/salpicosdeglamour.pt\/imobiliaria\/fr\/proprietes\/\" \/>\n<meta property=\"og:site_name\" content=\"Salpicos D`Glamour - Imobili\u00e1ria\" \/>\n<meta property=\"article:modified_time\" content=\"2023-02-08T17:52:21+00:00\" \/>\n<meta name=\"twitter:card\" content=\"summary_large_image\" \/>\n<script type=\"application\/ld+json\" class=\"yoast-schema-graph\">{\"@context\":\"https:\/\/schema.org\",\"@graph\":[{\"@type\":\"WebPage\",\"@id\":\"https:\/\/salpicosdeglamour.pt\/imobiliaria\/fr\/proprietes\/\",\"url\":\"https:\/\/salpicosdeglamour.pt\/imobiliaria\/fr\/proprietes\/\",\"name\":\"Propri\u00e9t\u00e9s - Salpicos D`Glamour - Imobili\u00e1ria\",\"isPartOf\":{\"@id\":\"https:\/\/salpicosdeglamour.pt\/imobiliaria\/fr\/#website\"},\"datePublished\":\"2021-11-29T12:08:03+00:00\",\"dateModified\":\"2023-02-08T17:52:21+00:00\",\"description\":\"L'objectif principal de Salpicos D'Glamour est de fournir tout le soutien n\u00e9cessaire \u00e0 nos clients dans le processus d'achat et de vente de biens immobiliers.\",\"breadcrumb\":{\"@id\":\"https:\/\/salpicosdeglamour.pt\/imobiliaria\/fr\/proprietes\/#breadcrumb\"},\"inLanguage\":\"fr-FR\",\"potentialAction\":[{\"@type\":\"ReadAction\",\"target\":[\"https:\/\/salpicosdeglamour.pt\/imobiliaria\/fr\/proprietes\/\"]}]},{\"@type\":\"BreadcrumbList\",\"@id\":\"https:\/\/salpicosdeglamour.pt\/imobiliaria\/fr\/proprietes\/#breadcrumb\",\"itemListElement\":[{\"@type\":\"ListItem\",\"position\":1,\"name\":\"In\u00edcio\",\"item\":\"https:\/\/salpicosdeglamour.pt\/imobiliaria\/fr\/\"},{\"@type\":\"ListItem\",\"position\":2,\"name\":\"Propri\u00e9t\u00e9s\"}]},{\"@type\":\"WebSite\",\"@id\":\"https:\/\/salpicosdeglamour.pt\/imobiliaria\/fr\/#website\",\"url\":\"https:\/\/salpicosdeglamour.pt\/imobiliaria\/fr\/\",\"name\":\"Salpicos D`Glamour - Imobili\u00e1ria\",\"description\":\"\",\"publisher\":{\"@id\":\"https:\/\/salpicosdeglamour.pt\/imobiliaria\/fr\/#organization\"},\"potentialAction\":[{\"@type\":\"SearchAction\",\"target\":{\"@type\":\"EntryPoint\",\"urlTemplate\":\"https:\/\/salpicosdeglamour.pt\/imobiliaria\/fr\/?s={search_term_string}\"},\"query-input\":\"required name=search_term_string\"}],\"inLanguage\":\"fr-FR\"},{\"@type\":\"Organization\",\"@id\":\"https:\/\/salpicosdeglamour.pt\/imobiliaria\/fr\/#organization\",\"name\":\"Salpicos D`Glamour - Imobili\u00e1ria\",\"url\":\"https:\/\/salpicosdeglamour.pt\/imobiliaria\/fr\/\",\"logo\":{\"@type\":\"ImageObject\",\"inLanguage\":\"fr-FR\",\"@id\":\"https:\/\/salpicosdeglamour.pt\/imobiliaria\/fr\/#\/schema\/logo\/image\/\",\"url\":\"https:\/\/salpicosdeglamour.pt\/imobiliaria\/wp-content\/uploads\/2023\/01\/email_logo_alt.png\",\"contentUrl\":\"https:\/\/salpicosdeglamour.pt\/imobiliaria\/wp-content\/uploads\/2023\/01\/email_logo_alt.png\",\"width\":275,\"height\":99,\"caption\":\"Salpicos D`Glamour - Imobili\u00e1ria\"},\"image\":{\"@id\":\"https:\/\/salpicosdeglamour.pt\/imobiliaria\/fr\/#\/schema\/logo\/image\/\"}}]}<\/script>\n<!-- \/ Yoast SEO plugin. -->","yoast_head_json":{"title":"Propri\u00e9t\u00e9s - Salpicos D`Glamour - Imobili\u00e1ria","description":"L'objectif principal de Salpicos D'Glamour est de fournir tout le soutien n\u00e9cessaire \u00e0 nos clients dans le processus d'achat et de vente de biens immobiliers.","robots":{"index":"index","follow":"follow","max-snippet":"max-snippet:-1","max-image-preview":"max-image-preview:large","max-video-preview":"max-video-preview:-1"},"canonical":"https:\/\/salpicosdeglamour.pt\/imobiliaria\/fr\/proprietes\/","og_locale":"fr_FR","og_type":"article","og_title":"Propri\u00e9t\u00e9s - Salpicos D`Glamour - Imobili\u00e1ria","og_description":"L'objectif principal de Salpicos D'Glamour est de fournir tout le soutien n\u00e9cessaire \u00e0 nos clients dans le processus d'achat et de vente de biens immobiliers.","og_url":"https:\/\/salpicosdeglamour.pt\/imobiliaria\/fr\/proprietes\/","og_site_name":"Salpicos D`Glamour - Imobili\u00e1ria","article_modified_time":"2023-02-08T17:52:21+00:00","twitter_card":"summary_large_image","schema":{"@context":"https:\/\/schema.org","@graph":[{"@type":"WebPage","@id":"https:\/\/salpicosdeglamour.pt\/imobiliaria\/fr\/proprietes\/","url":"https:\/\/salpicosdeglamour.pt\/imobiliaria\/fr\/proprietes\/","name":"Propri\u00e9t\u00e9s - Salpicos D`Glamour - Imobili\u00e1ria","isPartOf":{"@id":"https:\/\/salpicosdeglamour.pt\/imobiliaria\/fr\/#website"},"datePublished":"2021-11-29T12:08:03+00:00","dateModified":"2023-02-08T17:52:21+00:00","description":"L'objectif principal de Salpicos D'Glamour est de fournir tout le soutien n\u00e9cessaire \u00e0 nos clients dans le processus d'achat et de vente de biens immobiliers.","breadcrumb":{"@id":"https:\/\/salpicosdeglamour.pt\/imobiliaria\/fr\/proprietes\/#breadcrumb"},"inLanguage":"fr-FR","potentialAction":[{"@type":"ReadAction","target":["https:\/\/salpicosdeglamour.pt\/imobiliaria\/fr\/proprietes\/"]}]},{"@type":"BreadcrumbList","@id":"https:\/\/salpicosdeglamour.pt\/imobiliaria\/fr\/proprietes\/#breadcrumb","itemListElement":[{"@type":"ListItem","position":1,"name":"In\u00edcio","item":"https:\/\/salpicosdeglamour.pt\/imobiliaria\/fr\/"},{"@type":"ListItem","position":2,"name":"Propri\u00e9t\u00e9s"}]},{"@type":"WebSite","@id":"https:\/\/salpicosdeglamour.pt\/imobiliaria\/fr\/#website","url":"https:\/\/salpicosdeglamour.pt\/imobiliaria\/fr\/","name":"Salpicos D`Glamour - Imobili\u00e1ria","description":"","publisher":{"@id":"https:\/\/salpicosdeglamour.pt\/imobiliaria\/fr\/#organization"},"potentialAction":[{"@type":"SearchAction","target":{"@type":"EntryPoint","urlTemplate":"https:\/\/salpicosdeglamour.pt\/imobiliaria\/fr\/?s={search_term_string}"},"query-input":"required name=search_term_string"}],"inLanguage":"fr-FR"},{"@type":"Organization","@id":"https:\/\/salpicosdeglamour.pt\/imobiliaria\/fr\/#organization","name":"Salpicos D`Glamour - Imobili\u00e1ria","url":"https:\/\/salpicosdeglamour.pt\/imobiliaria\/fr\/","logo":{"@type":"ImageObject","inLanguage":"fr-FR","@id":"https:\/\/salpicosdeglamour.pt\/imobiliaria\/fr\/#\/schema\/logo\/image\/","url":"https:\/\/salpicosdeglamour.pt\/imobiliaria\/wp-content\/uploads\/2023\/01\/email_logo_alt.png","contentUrl":"https:\/\/salpicosdeglamour.pt\/imobiliaria\/wp-content\/uploads\/2023\/01\/email_logo_alt.png","width":275,"height":99,"caption":"Salpicos D`Glamour - Imobili\u00e1ria"},"image":{"@id":"https:\/\/salpicosdeglamour.pt\/imobiliaria\/fr\/#\/schema\/logo\/image\/"}}]}},"_links":{"self":[{"href":"https:\/\/salpicosdeglamour.pt\/imobiliaria\/fr\/wp-json\/wp\/v2\/pages\/2046"}],"collection":[{"href":"https:\/\/salpicosdeglamour.pt\/imobiliaria\/fr\/wp-json\/wp\/v2\/pages"}],"about":[{"href":"https:\/\/salpicosdeglamour.pt\/imobiliaria\/fr\/wp-json\/wp\/v2\/types\/page"}],"author":[{"embeddable":true,"href":"https:\/\/salpicosdeglamour.pt\/imobiliaria\/fr\/wp-json\/wp\/v2\/users\/1"}],"replies":[{"embeddable":true,"href":"https:\/\/salpicosdeglamour.pt\/imobiliaria\/fr\/wp-json\/wp\/v2\/comments?post=2046"}],"version-history":[{"count":0,"href":"https:\/\/salpicosdeglamour.pt\/imobiliaria\/fr\/wp-json\/wp\/v2\/pages\/2046\/revisions"}],"wp:attachment":[{"href":"https:\/\/salpicosdeglamour.pt\/imobiliaria\/fr\/wp-json\/wp\/v2\/media?parent=2046"}],"curies":[{"name":"wp","href":"https:\/\/api.w.org\/{rel}","templated":true}]}}