{"id":1974,"date":"2021-12-30T10:17:39","date_gmt":"2021-12-30T10:17:39","guid":{"rendered":"https:\/\/salpicosdeglamour.pt\/imobiliaria\/?page_id=1974"},"modified":"2023-02-08T17:48:21","modified_gmt":"2023-02-08T17:48:21","slug":"utilizacao-de-cookies","status":"publish","type":"page","link":"https:\/\/salpicosdeglamour.pt\/imobiliaria\/utilizacao-de-cookies\/","title":{"rendered":"Utiliza\u00e7\u00e3o de Cookies"},"content":{"rendered":"\t\t<div data-elementor-type=\"wp-page\" data-elementor-id=\"1974\" class=\"elementor elementor-1974\" data-elementor-settings=\"[]\">\n\t\t\t\t\t\t\t<div class=\"elementor-section-wrap\">\n\t\t\t\t\t\t\t<section class=\"elementor-section elementor-top-section elementor-element elementor-element-560f7cd3 elementor-section-boxed elementor-section-height-default elementor-section-height-default row-top\" data-id=\"560f7cd3\" data-element_type=\"section\">\n\t\t\t\t\t\t<div class=\"elementor-container elementor-column-gap-default\">\n\t\t\t\t\t<div class=\"elementor-column elementor-col-100 elementor-top-column elementor-element elementor-element-78bf8ee0 column-style-top\" data-id=\"78bf8ee0\" data-element_type=\"column\">\n\t\t\t<div class=\"elementor-widget-wrap elementor-element-populated\">\n\t\t\t\t\t\t\t\t<div class=\"elementor-element elementor-element-53c824d9 elementor-widget elementor-widget-gva-heading-block\" data-id=\"53c824d9\" data-element_type=\"widget\" data-widget_type=\"gva-heading-block.default\">\n\t\t\t\t<div class=\"elementor-widget-container\">\n\t\t\t<div class=\"gva-element-gva-heading-block gva-element\">   <div class=\"align-center style-1 widget gsc-heading box-align-center  auto-responsive\">\r\n      <div class=\"content-inner\">\r\n         \r\n                  \r\n                     <div class=\"sub-title\"><span>Salpicos D&#039;Glamour<\/span><\/div>\r\n           \r\n         \r\n                     <h2 class=\"title\">\r\n               <span>Utiliza\u00e7\u00e3o de Cookies<\/span>\r\n                                                         <\/h2>\r\n                  \r\n         \r\n      <\/div>\r\n   <\/div>\r\n<\/div>\t\t<\/div>\n\t\t\t\t<\/div>\n\t\t\t\t\t<\/div>\n\t\t<\/div>\n\t\t\t\t\t\t\t<\/div>\n\t\t<\/section>\n\t\t\t\t<section class=\"elementor-section elementor-top-section elementor-element elementor-element-7b35b81 elementor-section-boxed elementor-section-height-default elementor-section-height-default row-top\" data-id=\"7b35b81\" data-element_type=\"section\">\n\t\t\t\t\t\t<div class=\"elementor-container elementor-column-gap-default\">\n\t\t\t\t\t<div class=\"elementor-column elementor-col-100 elementor-top-column elementor-element elementor-element-99c2e02 column-style-top\" data-id=\"99c2e02\" data-element_type=\"column\">\n\t\t\t<div class=\"elementor-widget-wrap elementor-element-populated\">\n\t\t\t\t\t\t\t\t<div class=\"elementor-element elementor-element-ecf6b81 information_page_text_container elementor-widget elementor-widget-text-editor\" data-id=\"ecf6b81\" data-element_type=\"widget\" data-widget_type=\"text-editor.default\">\n\t\t\t\t<div class=\"elementor-widget-container\">\n\t\t\t\t\t\t\t<h4>O QUE S\u00c3O COOKIES?<\/h4>\n<p style=\"text-align: justify;\">\u201cCookies\u201d s\u00e3o pequenas etiquetas de software que s\u00e3o armazenadas no seu computador atrav\u00e9s do navegador (browser), retendo apenas informa\u00e7\u00e3o relacionada com as suas prefer\u00eancias, n\u00e3o incluindo, como tal, os seus dados pessoais.<\/p>\n\n<h4 style=\"margin-top: 30px;\">PARA QUE SERVEM OS COOKIES?<\/h4>\n<p style=\"text-align: justify;\">Os cookies servem para melhorar a sua experi\u00eancia de navega\u00e7\u00e3o permitindo uma navega\u00e7\u00e3o mais r\u00e1pida e eficiente eliminando a necessidade de introduzir repetidamente as mesmas informa\u00e7\u00f5es. Para al\u00e9m disso, os cookies possibilitam ainda uma preven\u00e7\u00e3o de fraudes mais eficaz.<\/p>\n<h4 style=\"margin-top: 30px;\">QUAL O FIM PARA O UTILIZA\u00c7\u00c3O DE COOKIES?<\/h4>\n<p style=\"text-align: justify;\">No nosso caso utilizamos os cookies para os seguintes fins:<\/p>\n<p style=\"text-align: justify;\"><strong style=\"color: #000000;\">Cookies anal\u00edticos<\/strong>\u00a0\u2013 S\u00e3o utilizados anonimamente para efeitos de cria\u00e7\u00e3o e an\u00e1lise de estat\u00edsticas, no sentido de melhorar o funcionamento do website.<\/p>\n<p style=\"text-align: justify;\"><strong style=\"color: #000000;\">Cookies de funcionalidade<\/strong>\u00a0\u2013 Guardam as prefer\u00eancias do utilizador relativamente \u00e0 utiliza\u00e7\u00e3o do site, para que n\u00e3o seja necess\u00e1rio voltar a configurar o site cada vez que o visita.<\/p>\n<p style=\"text-align: justify;\"><strong style=\"color: #000000;\">Cookies de terceiros<\/strong>\u00a0\u2013 Medem o sucesso de aplica\u00e7\u00f5es e a efic\u00e1cia da publicidade de terceiros. Podem tamb\u00e9m ser utilizados no sentido de personalizar um widget com dados do utilizador.<\/p>\n\n<h4 style=\"margin-top: 30px;\">COMO GERIR OS COOKIES?<\/h4>\n<p style=\"text-align: justify;\">Todos os browsers permitem ao utilizador aceitar, recusar ou apagar cookies, nomeadamente atrav\u00e9s da sele\u00e7\u00e3o das defini\u00e7\u00f5es apropriadas no respetivo navegador. Para isso, pode efetuar as configura\u00e7\u00f5es que considerem necess\u00e1rias no menu \u201cop\u00e7\u00f5es\u201d ou \u201cprefer\u00eancias\u201d. Note-se, no entanto, que, ao desativar cookies, e como foi mencionado anteriormente, pode impedir que alguns servi\u00e7os do website funcionem corretamente, afetando, parcial ou totalmente, a navega\u00e7\u00e3o no website.<\/p>\t\t\t\t\t\t<\/div>\n\t\t\t\t<\/div>\n\t\t\t\t\t<\/div>\n\t\t<\/div>\n\t\t\t\t\t\t\t<\/div>\n\t\t<\/section>\n\t\t\t\t\t\t<\/div>\n\t\t\t\t\t<\/div>\n\t\t","protected":false},"excerpt":{"rendered":"<p>Salpicos D&#8217;Glamour Utiliza\u00e7\u00e3o de Cookies O QUE S\u00c3O COOKIES? \u201cCookies\u201d s\u00e3o pequenas etiquetas de software que s\u00e3o armazenadas no seu computador atrav\u00e9s do navegador (browser), retendo apenas informa\u00e7\u00e3o relacionada com as suas prefer\u00eancias, n\u00e3o incluindo, como tal, os seus dados pessoais. PARA QUE SERVEM OS COOKIES? Os cookies servem para melhorar a sua experi\u00eancia de [&hellip;]<\/p>\n","protected":false},"author":1,"featured_media":0,"parent":0,"menu_order":0,"comment_status":"closed","ping_status":"closed","template":"","meta":{"inline_featured_image":false,"footnotes":"","_links_to":"","_links_to_target":""},"yoast_head":"<!-- This site is optimized with the Yoast SEO plugin v19.11 - https:\/\/yoast.com\/wordpress\/plugins\/seo\/ -->\n<title>Utiliza\u00e7\u00e3o de Cookies - Salpicos D`Glamour - Imobili\u00e1ria<\/title>\n<meta name=\"description\" content=\"Os cookies servem para melhorar a sua experi\u00eancia de navega\u00e7\u00e3o permitindo uma navega\u00e7\u00e3o mais r\u00e1pida e eficiente.\" \/>\n<meta name=\"robots\" content=\"index, follow, max-snippet:-1, max-image-preview:large, max-video-preview:-1\" \/>\n<link rel=\"canonical\" href=\"https:\/\/salpicosdeglamour.pt\/imobiliaria\/utilizacao-de-cookies\/\" \/>\n<meta property=\"og:locale\" content=\"pt_PT\" \/>\n<meta property=\"og:type\" content=\"article\" \/>\n<meta property=\"og:title\" content=\"Utiliza\u00e7\u00e3o de Cookies - Salpicos D`Glamour - Imobili\u00e1ria\" \/>\n<meta property=\"og:description\" content=\"Os cookies servem para melhorar a sua experi\u00eancia de navega\u00e7\u00e3o permitindo uma navega\u00e7\u00e3o mais r\u00e1pida e eficiente.\" \/>\n<meta property=\"og:url\" content=\"https:\/\/salpicosdeglamour.pt\/imobiliaria\/utilizacao-de-cookies\/\" \/>\n<meta property=\"og:site_name\" content=\"Salpicos D`Glamour - Imobili\u00e1ria\" \/>\n<meta property=\"article:modified_time\" content=\"2023-02-08T17:48:21+00:00\" \/>\n<meta name=\"twitter:card\" content=\"summary_large_image\" \/>\n<meta name=\"twitter:label1\" content=\"Tempo estimado de leitura\" \/>\n\t<meta name=\"twitter:data1\" content=\"2 minutos\" \/>\n<script type=\"application\/ld+json\" class=\"yoast-schema-graph\">{\"@context\":\"https:\/\/schema.org\",\"@graph\":[{\"@type\":\"WebPage\",\"@id\":\"https:\/\/salpicosdeglamour.pt\/imobiliaria\/utilizacao-de-cookies\/\",\"url\":\"https:\/\/salpicosdeglamour.pt\/imobiliaria\/utilizacao-de-cookies\/\",\"name\":\"Utiliza\u00e7\u00e3o de Cookies - Salpicos D`Glamour - Imobili\u00e1ria\",\"isPartOf\":{\"@id\":\"https:\/\/salpicosdeglamour.pt\/imobiliaria\/#website\"},\"datePublished\":\"2021-12-30T10:17:39+00:00\",\"dateModified\":\"2023-02-08T17:48:21+00:00\",\"description\":\"Os cookies servem para melhorar a sua experi\u00eancia de navega\u00e7\u00e3o permitindo uma navega\u00e7\u00e3o mais r\u00e1pida e eficiente.\",\"breadcrumb\":{\"@id\":\"https:\/\/salpicosdeglamour.pt\/imobiliaria\/utilizacao-de-cookies\/#breadcrumb\"},\"inLanguage\":\"pt-PT\",\"potentialAction\":[{\"@type\":\"ReadAction\",\"target\":[\"https:\/\/salpicosdeglamour.pt\/imobiliaria\/utilizacao-de-cookies\/\"]}]},{\"@type\":\"BreadcrumbList\",\"@id\":\"https:\/\/salpicosdeglamour.pt\/imobiliaria\/utilizacao-de-cookies\/#breadcrumb\",\"itemListElement\":[{\"@type\":\"ListItem\",\"position\":1,\"name\":\"In\u00edcio\",\"item\":\"https:\/\/salpicosdeglamour.pt\/imobiliaria\/\"},{\"@type\":\"ListItem\",\"position\":2,\"name\":\"Utiliza\u00e7\u00e3o de Cookies\"}]},{\"@type\":\"WebSite\",\"@id\":\"https:\/\/salpicosdeglamour.pt\/imobiliaria\/#website\",\"url\":\"https:\/\/salpicosdeglamour.pt\/imobiliaria\/\",\"name\":\"Salpicos D`Glamour - Imobili\u00e1ria\",\"description\":\"\",\"publisher\":{\"@id\":\"https:\/\/salpicosdeglamour.pt\/imobiliaria\/#organization\"},\"potentialAction\":[{\"@type\":\"SearchAction\",\"target\":{\"@type\":\"EntryPoint\",\"urlTemplate\":\"https:\/\/salpicosdeglamour.pt\/imobiliaria\/?s={search_term_string}\"},\"query-input\":\"required name=search_term_string\"}],\"inLanguage\":\"pt-PT\"},{\"@type\":\"Organization\",\"@id\":\"https:\/\/salpicosdeglamour.pt\/imobiliaria\/#organization\",\"name\":\"Salpicos D`Glamour - Imobili\u00e1ria\",\"url\":\"https:\/\/salpicosdeglamour.pt\/imobiliaria\/\",\"logo\":{\"@type\":\"ImageObject\",\"inLanguage\":\"pt-PT\",\"@id\":\"https:\/\/salpicosdeglamour.pt\/imobiliaria\/#\/schema\/logo\/image\/\",\"url\":\"https:\/\/salpicosdeglamour.pt\/imobiliaria\/wp-content\/uploads\/2023\/01\/email_logo_alt.png\",\"contentUrl\":\"https:\/\/salpicosdeglamour.pt\/imobiliaria\/wp-content\/uploads\/2023\/01\/email_logo_alt.png\",\"width\":275,\"height\":99,\"caption\":\"Salpicos D`Glamour - Imobili\u00e1ria\"},\"image\":{\"@id\":\"https:\/\/salpicosdeglamour.pt\/imobiliaria\/#\/schema\/logo\/image\/\"}}]}<\/script>\n<!-- \/ Yoast SEO plugin. -->","yoast_head_json":{"title":"Utiliza\u00e7\u00e3o de Cookies - Salpicos D`Glamour - Imobili\u00e1ria","description":"Os cookies servem para melhorar a sua experi\u00eancia de navega\u00e7\u00e3o permitindo uma navega\u00e7\u00e3o mais r\u00e1pida e eficiente.","robots":{"index":"index","follow":"follow","max-snippet":"max-snippet:-1","max-image-preview":"max-image-preview:large","max-video-preview":"max-video-preview:-1"},"canonical":"https:\/\/salpicosdeglamour.pt\/imobiliaria\/utilizacao-de-cookies\/","og_locale":"pt_PT","og_type":"article","og_title":"Utiliza\u00e7\u00e3o de Cookies - Salpicos D`Glamour - Imobili\u00e1ria","og_description":"Os cookies servem para melhorar a sua experi\u00eancia de navega\u00e7\u00e3o permitindo uma navega\u00e7\u00e3o mais r\u00e1pida e eficiente.","og_url":"https:\/\/salpicosdeglamour.pt\/imobiliaria\/utilizacao-de-cookies\/","og_site_name":"Salpicos D`Glamour - Imobili\u00e1ria","article_modified_time":"2023-02-08T17:48:21+00:00","twitter_card":"summary_large_image","twitter_misc":{"Tempo estimado de leitura":"2 minutos"},"schema":{"@context":"https:\/\/schema.org","@graph":[{"@type":"WebPage","@id":"https:\/\/salpicosdeglamour.pt\/imobiliaria\/utilizacao-de-cookies\/","url":"https:\/\/salpicosdeglamour.pt\/imobiliaria\/utilizacao-de-cookies\/","name":"Utiliza\u00e7\u00e3o de Cookies - Salpicos D`Glamour - Imobili\u00e1ria","isPartOf":{"@id":"https:\/\/salpicosdeglamour.pt\/imobiliaria\/#website"},"datePublished":"2021-12-30T10:17:39+00:00","dateModified":"2023-02-08T17:48:21+00:00","description":"Os cookies servem para melhorar a sua experi\u00eancia de navega\u00e7\u00e3o permitindo uma navega\u00e7\u00e3o mais r\u00e1pida e eficiente.","breadcrumb":{"@id":"https:\/\/salpicosdeglamour.pt\/imobiliaria\/utilizacao-de-cookies\/#breadcrumb"},"inLanguage":"pt-PT","potentialAction":[{"@type":"ReadAction","target":["https:\/\/salpicosdeglamour.pt\/imobiliaria\/utilizacao-de-cookies\/"]}]},{"@type":"BreadcrumbList","@id":"https:\/\/salpicosdeglamour.pt\/imobiliaria\/utilizacao-de-cookies\/#breadcrumb","itemListElement":[{"@type":"ListItem","position":1,"name":"In\u00edcio","item":"https:\/\/salpicosdeglamour.pt\/imobiliaria\/"},{"@type":"ListItem","position":2,"name":"Utiliza\u00e7\u00e3o de Cookies"}]},{"@type":"WebSite","@id":"https:\/\/salpicosdeglamour.pt\/imobiliaria\/#website","url":"https:\/\/salpicosdeglamour.pt\/imobiliaria\/","name":"Salpicos D`Glamour - Imobili\u00e1ria","description":"","publisher":{"@id":"https:\/\/salpicosdeglamour.pt\/imobiliaria\/#organization"},"potentialAction":[{"@type":"SearchAction","target":{"@type":"EntryPoint","urlTemplate":"https:\/\/salpicosdeglamour.pt\/imobiliaria\/?s={search_term_string}"},"query-input":"required name=search_term_string"}],"inLanguage":"pt-PT"},{"@type":"Organization","@id":"https:\/\/salpicosdeglamour.pt\/imobiliaria\/#organization","name":"Salpicos D`Glamour - Imobili\u00e1ria","url":"https:\/\/salpicosdeglamour.pt\/imobiliaria\/","logo":{"@type":"ImageObject","inLanguage":"pt-PT","@id":"https:\/\/salpicosdeglamour.pt\/imobiliaria\/#\/schema\/logo\/image\/","url":"https:\/\/salpicosdeglamour.pt\/imobiliaria\/wp-content\/uploads\/2023\/01\/email_logo_alt.png","contentUrl":"https:\/\/salpicosdeglamour.pt\/imobiliaria\/wp-content\/uploads\/2023\/01\/email_logo_alt.png","width":275,"height":99,"caption":"Salpicos D`Glamour - Imobili\u00e1ria"},"image":{"@id":"https:\/\/salpicosdeglamour.pt\/imobiliaria\/#\/schema\/logo\/image\/"}}]}},"_links":{"self":[{"href":"https:\/\/salpicosdeglamour.pt\/imobiliaria\/wp-json\/wp\/v2\/pages\/1974"}],"collection":[{"href":"https:\/\/salpicosdeglamour.pt\/imobiliaria\/wp-json\/wp\/v2\/pages"}],"about":[{"href":"https:\/\/salpicosdeglamour.pt\/imobiliaria\/wp-json\/wp\/v2\/types\/page"}],"author":[{"embeddable":true,"href":"https:\/\/salpicosdeglamour.pt\/imobiliaria\/wp-json\/wp\/v2\/users\/1"}],"replies":[{"embeddable":true,"href":"https:\/\/salpicosdeglamour.pt\/imobiliaria\/wp-json\/wp\/v2\/comments?post=1974"}],"version-history":[{"count":0,"href":"https:\/\/salpicosdeglamour.pt\/imobiliaria\/wp-json\/wp\/v2\/pages\/1974\/revisions"}],"wp:attachment":[{"href":"https:\/\/salpicosdeglamour.pt\/imobiliaria\/wp-json\/wp\/v2\/media?parent=1974"}],"curies":[{"name":"wp","href":"https:\/\/api.w.org\/{rel}","templated":true}]}}